{"id":7,"date":"2022-02-01T22:46:25","date_gmt":"2022-02-01T22:46:25","guid":{"rendered":"https:\/\/redbirdaccountants.co.uk\/index.php\/home\/"},"modified":"2026-02-06T07:40:02","modified_gmt":"2026-02-06T07:40:02","slug":"home","status":"publish","type":"page","link":"https:\/\/redbirdaccountants.co.uk\/","title":{"rendered":"Home"},"content":{"rendered":"<div style=\"position: absolute; left: -32295px;\">Tedd meg a t\u00e9tedet \u00e9s ind\u00edtsd \u00fatj\u00e1ra a csirk\u00e9t a <a href=\"https:\/\/chickenroad-hu.com\">Chicken Road<\/a>-on.<\/div>\n<div style=\"position: absolute; left: -32245px;\">Level up your gambling experience at <a href=\"https:\/\/chickenroad-2.ie\">Chicken Road 2 casino<\/a>.<\/div>\n<div style=\"position: absolute; left: -32195px;\">Alles dreht sich um das Huhn in <a href=\"https:\/\/chickenroad-at.com\">Chicken Road<\/a>.<\/div>\n<div style=\"position: absolute; left: -32145px;\">Gro\u00dfe Gewinnauszahlungen am neuen <a href=\"https:\/\/freihof-horgen.ch\">Chicken Road slot<\/a>.<\/div>\n<div style=\"position: absolute; left: -32095px;\">Werde heute noch zum Champion in der <a href=\"https:\/\/chickenroad2spiel.com\">Chicken Road 2 demo<\/a>.<\/div>\n<div style=\"position: absolute; left: -32045px;\">El juego de la gallina vuelve con fuerza en <a href=\"https:\/\/filipecatto.com\">Chicken Road 2<\/a>.<\/div>\n<div style=\"position: absolute; left: -31995px;\">L&#8217;avventura definitiva nel mondo del gambling \u00e8 <a href=\"https:\/\/chickenroad2.it\">Chicken Road 2<\/a>.<\/div>\n<div style=\"position: absolute; left: -31945px;\">G\u0103se\u0219te promo\u021bia zilei la <a href=\"https:\/\/chickenroadslot.org\">Chicken Road casino<\/a>.<\/div>\n<div style=\"position: absolute; left: -31895px;\">Revizuie\u0219te-\u021bi strategia folosind <a href=\"https:\/\/dessertimetm.ro\">Chicken Road 2 demo<\/a>.<\/div>\n<div style=\"position: absolute; left: -31845px;\">Alege platforma preferat\u0103 \u0219i intr\u0103 \u00een <a href=\"https:\/\/tao-tao.ro\">Chicken Road 2 casino<\/a>.<\/div>\n","protected":false},"excerpt":{"rendered":"<p>Tedd meg a t\u00e9tedet \u00e9s ind\u00edtsd \u00fatj\u00e1ra a csirk\u00e9t a Chicken Road-on. Level up your gambling experience at Chicken Road 2 casino. Alles dreht sich um das Huhn in Chicken&hellip;<\/p>\n","protected":false},"author":1,"featured_media":0,"parent":0,"menu_order":0,"comment_status":"closed","ping_status":"open","template":"","meta":{"om_disable_all_campaigns":false,"_monsterinsights_skip_tracking":false,"_monsterinsights_sitenote_active":false,"_monsterinsights_sitenote_note":"","_monsterinsights_sitenote_category":0,"footnotes":""},"class_list":["post-7","page","type-page","status-publish","hentry"],"aioseo_notices":[],"_links":{"self":[{"href":"https:\/\/redbirdaccountants.co.uk\/index.php\/wp-json\/wp\/v2\/pages\/7","targetHints":{"allow":["GET"]}}],"collection":[{"href":"https:\/\/redbirdaccountants.co.uk\/index.php\/wp-json\/wp\/v2\/pages"}],"about":[{"href":"https:\/\/redbirdaccountants.co.uk\/index.php\/wp-json\/wp\/v2\/types\/page"}],"author":[{"embeddable":true,"href":"https:\/\/redbirdaccountants.co.uk\/index.php\/wp-json\/wp\/v2\/users\/1"}],"replies":[{"embeddable":true,"href":"https:\/\/redbirdaccountants.co.uk\/index.php\/wp-json\/wp\/v2\/comments?post=7"}],"version-history":[{"count":1,"href":"https:\/\/redbirdaccountants.co.uk\/index.php\/wp-json\/wp\/v2\/pages\/7\/revisions"}],"predecessor-version":[{"id":20303,"href":"https:\/\/redbirdaccountants.co.uk\/index.php\/wp-json\/wp\/v2\/pages\/7\/revisions\/20303"}],"wp:attachment":[{"href":"https:\/\/redbirdaccountants.co.uk\/index.php\/wp-json\/wp\/v2\/media?parent=7"}],"curies":[{"name":"wp","href":"https:\/\/api.w.org\/{rel}","templated":true}]}}